{"id":94,"date":"2011-03-16T12:25:08","date_gmt":"2011-03-16T12:25:08","guid":{"rendered":"http:\/\/www.navoti.de\/navoti\/?page_id=94"},"modified":"2020-11-27T11:28:28","modified_gmt":"2020-11-27T11:28:28","slug":"impressum","status":"publish","type":"page","link":"https:\/\/www.navoti.de\/index.php\/impressum\/","title":{"rendered":"Impressum"},"content":{"rendered":"<p>Adresse: Heilpraktikerin Raphaela Kaiser<br \/>\nStadtrodaer Stra\u00dfe 79<br \/>\n07548 Gera Windischenbernsdorf<br \/>\nTel. 0365 \u2013 552 38 57<br \/>\nMail raph.kaiser@gmx.de<br \/>\nSteuernummer: 161 &#8211; 237 &#8211; 058 &#8211; 27<\/p>\n<p>Verantwortlich f\u00fcr den Inhalt: Heilpraktikerin Raphaela Kaiser<\/p>\n<p>Das Internetangebot wurde erstellt mit Unterst\u00fctzung von <a href=\"http:\/\/www.sonnenwebmedia.de\">sonnenwebmedia.de<\/a>, Holger Sonntag<\/p>\n<p>Erkl\u00e4rung auf Haftungshinweise<\/p>\n<p>F\u00fcr die Beitr\u00e4ge und Texte der Web-Site ist Raphaela Kaiser alleine verantwortlich. F\u00fcr die Beitr\u00e4ge namentlich gekennzeichneter Beitr\u00e4ge auf der Web-Site sind die Autoren verantwortlich.<\/p>\n<p>Die Inhaberin der Web-Site Raphaela Kaiser wei\u00dft ausdr\u00fccklich darauf hin, dass die Umsetzung fachlicher Inhalte, Vorschl\u00e4ge und Empfehlungen auf der Grundlage der Verantwortung des jeweiligen Anwenders erfolgt. Jede Haftung f\u00fcr Sch\u00e4den (Sach- Personen oder Verm\u00f6genssch\u00e4den), die aus der Anwendung der Web-Site entstehen k\u00f6nnen, ist ausgeschlossen.<\/p>\n<p>Ich \u00fcbernehme keine Haftung die Inhalte externer Links.<\/p>\n<p>&nbsp;<\/p>\n<p>&nbsp;<\/p>\n","protected":false},"excerpt":{"rendered":"<p>Adresse: Heilpraktikerin Raphaela Kaiser Stadtrodaer Stra\u00dfe 79 07548 Gera Windischenbernsdorf Tel. 0365 \u2013 552 38 57 Mail raph.kaiser@gmx.de Steuernummer: 161 &#8211; 237 &#8211; 058 &#8211; 27 Verantwortlich f\u00fcr den Inhalt: Heilpraktikerin Raphaela Kaiser Das Internetangebot wurde erstellt mit Unterst\u00fctzung von sonnenwebmedia.de, Holger Sonntag Erkl\u00e4rung auf Haftungshinweise F\u00fcr die Beitr\u00e4ge und Texte der Web-Site ist Raphaela [&hellip;]<\/p>\n","protected":false},"author":2,"featured_media":0,"parent":0,"menu_order":50,"comment_status":"open","ping_status":"open","template":"","meta":[],"_links":{"self":[{"href":"https:\/\/www.navoti.de\/index.php\/wp-json\/wp\/v2\/pages\/94"}],"collection":[{"href":"https:\/\/www.navoti.de\/index.php\/wp-json\/wp\/v2\/pages"}],"about":[{"href":"https:\/\/www.navoti.de\/index.php\/wp-json\/wp\/v2\/types\/page"}],"author":[{"embeddable":true,"href":"https:\/\/www.navoti.de\/index.php\/wp-json\/wp\/v2\/users\/2"}],"replies":[{"embeddable":true,"href":"https:\/\/www.navoti.de\/index.php\/wp-json\/wp\/v2\/comments?post=94"}],"version-history":[{"count":15,"href":"https:\/\/www.navoti.de\/index.php\/wp-json\/wp\/v2\/pages\/94\/revisions"}],"predecessor-version":[{"id":482,"href":"https:\/\/www.navoti.de\/index.php\/wp-json\/wp\/v2\/pages\/94\/revisions\/482"}],"wp:attachment":[{"href":"https:\/\/www.navoti.de\/index.php\/wp-json\/wp\/v2\/media?parent=94"}],"curies":[{"name":"wp","href":"https:\/\/api.w.org\/{rel}","templated":true}]}}