{"id":9,"date":"2011-03-16T07:46:17","date_gmt":"2011-03-16T07:46:17","guid":{"rendered":"http:\/\/www.navoti.de\/navoti\/?page_id=9"},"modified":"2017-12-29T11:45:39","modified_gmt":"2017-12-29T11:45:39","slug":"elektrosmogberatung","status":"publish","type":"page","link":"https:\/\/www.navoti.de\/index.php\/naturheilpraxis\/elektrosmogberatung\/","title":{"rendered":"Elektrosmogberatung"},"content":{"rendered":"<h3>Mobilfunk &#8211; Entst\u00f6rung von Mensch, Tier, Wohnung und Garten ist m\u00f6glich!<\/h3>\n<p>Mit sparsamer Technik, Mineralien und energetischer Raumreinigung k\u00f6nnen Sie sich selbst, Wohnung, Garten, Haustiere und sogar das Auto dauerhaft, preiswert und ohne viel Aufwand entst\u00f6ren. Wenn durch Strahlung die Zellwand blockiert ist, kann keine Therapie der Welt wirklich wirken.<\/p>\n","protected":false},"excerpt":{"rendered":"<p>Mobilfunk &#8211; Entst\u00f6rung von Mensch, Tier, Wohnung und Garten ist m\u00f6glich! Mit sparsamer Technik, Mineralien und energetischer Raumreinigung k\u00f6nnen Sie sich selbst, Wohnung, Garten, Haustiere und sogar das Auto dauerhaft, preiswert und ohne viel Aufwand entst\u00f6ren. Wenn durch Strahlung die Zellwand blockiert ist, kann keine Therapie der Welt wirklich wirken.<\/p>\n","protected":false},"author":2,"featured_media":0,"parent":6,"menu_order":0,"comment_status":"open","ping_status":"open","template":"","meta":[],"_links":{"self":[{"href":"https:\/\/www.navoti.de\/index.php\/wp-json\/wp\/v2\/pages\/9"}],"collection":[{"href":"https:\/\/www.navoti.de\/index.php\/wp-json\/wp\/v2\/pages"}],"about":[{"href":"https:\/\/www.navoti.de\/index.php\/wp-json\/wp\/v2\/types\/page"}],"author":[{"embeddable":true,"href":"https:\/\/www.navoti.de\/index.php\/wp-json\/wp\/v2\/users\/2"}],"replies":[{"embeddable":true,"href":"https:\/\/www.navoti.de\/index.php\/wp-json\/wp\/v2\/comments?post=9"}],"version-history":[{"count":3,"href":"https:\/\/www.navoti.de\/index.php\/wp-json\/wp\/v2\/pages\/9\/revisions"}],"predecessor-version":[{"id":14,"href":"https:\/\/www.navoti.de\/index.php\/wp-json\/wp\/v2\/pages\/9\/revisions\/14"}],"up":[{"embeddable":true,"href":"https:\/\/www.navoti.de\/index.php\/wp-json\/wp\/v2\/pages\/6"}],"wp:attachment":[{"href":"https:\/\/www.navoti.de\/index.php\/wp-json\/wp\/v2\/media?parent=9"}],"curies":[{"name":"wp","href":"https:\/\/api.w.org\/{rel}","templated":true}]}}