{"id":6,"date":"2011-03-16T07:44:18","date_gmt":"2011-03-16T07:44:18","guid":{"rendered":"http:\/\/www.navoti.de\/navoti\/?page_id=6"},"modified":"2020-09-17T12:14:05","modified_gmt":"2020-09-17T12:14:05","slug":"naturheilpraxis","status":"publish","type":"page","link":"https:\/\/www.navoti.de\/","title":{"rendered":"Naturheilpraxis"},"content":{"rendered":"<table cellpadding=\"10\">\n<tbody>\n<tr>\n<td align=\"left\" valign=\"top\" width=\"50%\">\n<h3>Gesundheit ist ein<br \/>\nGeschenk der Natur&#8230;<\/h3>\n<p>&#8230;aber wir m\u00fcssen auch etwas daf\u00fcr tun.<br \/>\nDenn die Heilung findet zu Hause statt,<br \/>\nund nicht in der Praxis.<\/p>\n<p>Aus aktuellem Anlass habe ich Ihnen wichtige Informationen als Videonachricht (ca. 19min) aufbereitet.<\/p>\n<p>Die Informationen k\u00f6nnen Sie hier auch als <a href=\"https:\/\/www.navoti.de\/wp-content\/uploads\/2020\/09\/ueber_den_aktuellen_coronavirus_hp_kaiser_gera.pdf\" target=\"_blank\" rel=\"noopener noreferrer\">Text herunterladen<\/a>.<\/p>\n<h3>Meine Angebote f\u00fcr Sie:<\/h3>\n<\/td>\n<td align=\"right\" valign=\"top\"><div class=\"epyt-video-wrapper\"><iframe  id=\"_ytid_36718\"  width=\"480\" height=\"270\"  data-origwidth=\"480\" data-origheight=\"270\"  data-relstop=\"1\" src=\"https:\/\/www.youtube.com\/embed\/v4fTUC9fOpo?enablejsapi=1&autoplay=0&cc_load_policy=0&cc_lang_pref=&iv_load_policy=1&loop=0&rel=0&fs=1&playsinline=0&autohide=2&theme=dark&color=red&controls=1&\" class=\"__youtube_prefs__  no-lazyload\" title=\"YouTube player\"  allow=\"fullscreen; accelerometer; autoplay; clipboard-write; encrypted-media; gyroscope; picture-in-picture\" allowfullscreen data-no-lazy=\"1\" data-skipgform_ajax_framebjll=\"\"><\/iframe><\/div><\/td>\n<\/tr>\n<\/tbody>\n<\/table>\n<ul>\n<li><a title=\"TCM\" href=\"https:\/\/www.navoti.de\/naturheilpraxis\/tcm\/\">TCM &#8211; Akupunktur<\/a><\/li>\n<li class=\"link\"><a title=\"K\u00f6rpertherapie\" href=\"https:\/\/www.navoti.de\/naturheilpraxis\/korpertherapie\/\">K\u00f6rpertherapie und Biodynamische Massage nach Gerda Boyesen<\/a><\/li>\n<li class=\"link\"><a title=\"Hom\u00f6opathie\" href=\"https:\/\/www.navoti.de\/naturheilpraxis\/homoopathie\/\">Hom\u00f6opathie<\/a><\/li>\n<li class=\"link\"><a title=\"Sanum Therapie\" href=\"https:\/\/www.navoti.de\/naturheilpraxis\/sanum-therapie\/\">Sanum-Therapie<\/a><\/li>\n<li class=\"link\"><a href=\"\/navoti\/?page_id=19\">Touch for Health &#8211; Kinesiologie<\/a><\/li>\n<li class=\"link\"><a href=\"\/navoti\/?page_id=25\"> Mineralstofftherapie nach Dr. Sch\u00fc\u00dfler<\/a><\/li>\n<li class=\"link\"><a href=\"\/navoti\/?page_id=15\"> Ern\u00e4hrungsberatung<\/a><\/li>\n<li class=\"link\"><a href=\"\/navoti\/?page_id=17\"> Gartenfachberatung<\/a><\/li>\n<li class=\"link\"><a href=\"\/navoti\/?page_id=9\"> Elektrosmogberatung<\/a><\/li>\n<li class=\"link\"><a title=\"Impfberatung\" href=\"https:\/\/www.navoti.de\/impfberatung\/\">Impfberatung f\u00fcr Kinder und Erwachsene<\/a><\/li>\n<\/ul>\n<h3><\/h3>\n<p>Ich freue mich auf Ihren Besuch!<\/p>\n<p>Raphaela Kaiser ist ausgebildete und zugelassene Heilpraktikerin gem\u00e4\u00df HPG, Mitglied im Heilpraktikerinnenverband Lachesis e.V. und im Berufsverband GBP e.V.<\/p>\n","protected":false},"excerpt":{"rendered":"<p>Gesundheit ist ein Geschenk der Natur&#8230; &#8230;aber wir m\u00fcssen auch etwas daf\u00fcr tun. Denn die Heilung findet zu Hause statt, und nicht in der Praxis. Aus aktuellem Anlass habe ich Ihnen wichtige Informationen als Videonachricht (ca. 19min) aufbereitet. Die Informationen k\u00f6nnen Sie hier auch als Text herunterladen. Meine Angebote f\u00fcr Sie: TCM &#8211; Akupunktur K\u00f6rpertherapie [&hellip;]<\/p>\n","protected":false},"author":2,"featured_media":0,"parent":0,"menu_order":10,"comment_status":"closed","ping_status":"closed","template":"","meta":[],"_links":{"self":[{"href":"https:\/\/www.navoti.de\/index.php\/wp-json\/wp\/v2\/pages\/6"}],"collection":[{"href":"https:\/\/www.navoti.de\/index.php\/wp-json\/wp\/v2\/pages"}],"about":[{"href":"https:\/\/www.navoti.de\/index.php\/wp-json\/wp\/v2\/types\/page"}],"author":[{"embeddable":true,"href":"https:\/\/www.navoti.de\/index.php\/wp-json\/wp\/v2\/users\/2"}],"replies":[{"embeddable":true,"href":"https:\/\/www.navoti.de\/index.php\/wp-json\/wp\/v2\/comments?post=6"}],"version-history":[{"count":87,"href":"https:\/\/www.navoti.de\/index.php\/wp-json\/wp\/v2\/pages\/6\/revisions"}],"predecessor-version":[{"id":456,"href":"https:\/\/www.navoti.de\/index.php\/wp-json\/wp\/v2\/pages\/6\/revisions\/456"}],"wp:attachment":[{"href":"https:\/\/www.navoti.de\/index.php\/wp-json\/wp\/v2\/media?parent=6"}],"curies":[{"name":"wp","href":"https:\/\/api.w.org\/{rel}","templated":true}]}}