{"id":31,"date":"2011-03-16T07:50:15","date_gmt":"2011-03-16T07:50:15","guid":{"rendered":"http:\/\/www.navoti.de\/navoti\/?page_id=31"},"modified":"2020-09-17T11:24:37","modified_gmt":"2020-09-17T11:24:37","slug":"uber-mich","status":"publish","type":"page","link":"https:\/\/www.navoti.de\/index.php\/uber-mich\/","title":{"rendered":"\u00dcber mich"},"content":{"rendered":"<p>Mein Name ist Raphaela Elira Kaiser. Ich bin 55 Jahre alt und habe in Berlin meine Ausbildung als K\u00f6rpertherapeutin und Heilpraktikerin erhalten. Ich bin Mitglied im <a href=\"http:\/\/www.lachesis.de\/\">Heilpraktikerinnenverband Lachesis e.V.<\/a><br \/>\n<a href=\"https:\/\/www.navoti.de\/wp-content\/uploads\/2011\/03\/rafaelakaiser.png\"><img loading=\"lazy\" class=\"alignleft size-full wp-image-192\" src=\"https:\/\/www.navoti.de\/wp-content\/uploads\/2011\/03\/rafaelakaiser.png\" alt=\"\" width=\"211\" height=\"198\" \/><\/a><\/p>\n<p>Vor und w\u00e4hrend der K\u00f6rpertherapieausbildung habe ich eine eigene siebenj\u00e4hrige Therapie bei Herwig Geister hinter mich gebracht und abgeschlossen. Ohne Herwig Geisters Warmherzigkeit und Menschlichkeit w\u00e4re ich nicht, was ich heute bin.<br \/>\nIch habe zwei Jahre Basistraining KIT &#8222;K\u00f6rpertherapie-Integrativ-Training bei <a href=\"http:\/\/www.rob-bennett.de\/welcome%20deutsch.htm\">Rob Bennett<\/a> und <a href=\"http:\/\/www.schreibabyambulanz.info\/\">Paula Knapp-Diederichs<\/a> durchlaufen und ein Jahr Ausbildung in <a href=\"http:\/\/www.biodynamik.de\/methode\/koerperbehandlung.php\">Biodynamischer Massage<\/a> bei Siggi Bennett.<\/p>\n<p>Die Stimm- und Atemarbeit habe ich von <a href=\"http:\/\/www.voiceworks.de\/\">Mike Noack<\/a> gelernt und mit der Massage verbunden. Meine Lehrerin f\u00fcr die Bachbl\u00fcten war Elisabeth Adloff. <a href=\"https:\/\/www.navoti.de\/navoti\/wp-content\/uploads\/2011\/03\/bildmitkatze.png\"><img loading=\"lazy\" class=\"alignright size-full wp-image-83\" src=\"https:\/\/www.navoti.de\/wp-content\/uploads\/2011\/03\/bildmitkatze.png\" alt=\"\" width=\"255\" height=\"321\" srcset=\"https:\/\/www.navoti.de\/wp-content\/uploads\/2011\/03\/bildmitkatze.png 280w, https:\/\/www.navoti.de\/wp-content\/uploads\/2011\/03\/bildmitkatze-238x300.png 238w\" sizes=\"(max-width: 255px) 100vw, 255px\" \/><\/a>Die Grundlagen der Cranio-Sacralen Therapie habe ich von <a href=\"http:\/\/www.osteopathie1.de\/index.html\">Girish Tom Esser<\/a> gelernt. Seit meiner fr\u00fchen Jugend habe ich mich mit Pflanzenheilkunde besch\u00e4ftigt und in diesem Fach und \u00fcber Psychotherapie vor dem Amtsarzt meine Pr\u00fcfung abgelegt.<br \/>\nDie Grundlagen der Hom\u00f6opathie hat mir Werner Schade in der <a href=\"http:\/\/www.chiron-berlin.de\/\">Chironschule in Berlin<\/a> beigebracht in einem einj\u00e4hrigen Kurs. Seit vier Jahren bin ich damit besch\u00e4ftigt dies wieder zu vertiefen.<\/p>\n<p>2006 bis 2007 habe ich bei meinem Berufsverband eine einj\u00e4hrige Jahresfortbildung in Akupunktur abgeschlossen und die Grundlagen des Touch for Health, also der kinesiolgischen Behandlung, erlernt.<\/p>\n<p>Ich habe mit mehreren Jahren Arbei an der Freien Universit\u00e4t Berlin an der Entstehung der heutigen &#8222;Schreiambulanzen&#8220; f\u00fcr &#8222;Schreibabys&#8220; mitgewirkt und insgesamt ein Jahr Praktika im Krei\u00dflaal und in einer ambulanten Hebammenpraxis absolviert und einige Kurse Hom\u00f6opathie f\u00fcr Hebammen der Chironschule.<\/p>\n<p>Meine Heilpraktikerausbildung erhielt ich an der damaligen Schule von Karl Heinz Ney &#8222;HPS&#8220;, Heilpraktikerpraxisschule in Berlin.<\/p>\n","protected":false},"excerpt":{"rendered":"<p>Mein Name ist Raphaela Elira Kaiser. Ich bin 55 Jahre alt und habe in Berlin meine Ausbildung als K\u00f6rpertherapeutin und Heilpraktikerin erhalten. Ich bin Mitglied im Heilpraktikerinnenverband Lachesis e.V. Vor und w\u00e4hrend der K\u00f6rpertherapieausbildung habe ich eine eigene siebenj\u00e4hrige Therapie bei Herwig Geister hinter mich gebracht und abgeschlossen. Ohne Herwig Geisters Warmherzigkeit und Menschlichkeit w\u00e4re [&hellip;]<\/p>\n","protected":false},"author":2,"featured_media":0,"parent":0,"menu_order":30,"comment_status":"closed","ping_status":"closed","template":"","meta":[],"_links":{"self":[{"href":"https:\/\/www.navoti.de\/index.php\/wp-json\/wp\/v2\/pages\/31"}],"collection":[{"href":"https:\/\/www.navoti.de\/index.php\/wp-json\/wp\/v2\/pages"}],"about":[{"href":"https:\/\/www.navoti.de\/index.php\/wp-json\/wp\/v2\/types\/page"}],"author":[{"embeddable":true,"href":"https:\/\/www.navoti.de\/index.php\/wp-json\/wp\/v2\/users\/2"}],"replies":[{"embeddable":true,"href":"https:\/\/www.navoti.de\/index.php\/wp-json\/wp\/v2\/comments?post=31"}],"version-history":[{"count":12,"href":"https:\/\/www.navoti.de\/index.php\/wp-json\/wp\/v2\/pages\/31\/revisions"}],"predecessor-version":[{"id":426,"href":"https:\/\/www.navoti.de\/index.php\/wp-json\/wp\/v2\/pages\/31\/revisions\/426"}],"wp:attachment":[{"href":"https:\/\/www.navoti.de\/index.php\/wp-json\/wp\/v2\/media?parent=31"}],"curies":[{"name":"wp","href":"https:\/\/api.w.org\/{rel}","templated":true}]}}