{"id":225,"date":"2016-03-10T10:16:06","date_gmt":"2016-03-10T10:16:06","guid":{"rendered":"http:\/\/www.navoti.de\/?page_id=225"},"modified":"2020-09-07T16:19:56","modified_gmt":"2020-09-07T16:19:56","slug":"impfberatung","status":"publish","type":"page","link":"https:\/\/www.navoti.de\/index.php\/impfberatung\/","title":{"rendered":"Impfberatung"},"content":{"rendered":"<p>f\u00fcr Kinder und Erwachsene<\/p>\n<p>&nbsp;<\/p>\n<p>In meiner Praxis hat es sich im Laufe von 15 Jahren bew\u00e4hrt, ein Immunsystem mit <a href=\"http:\/\/www.sanum.com\/index.php\" target=\"_blank\" rel=\"noopener\">Sanumpr\u00e4paraten<\/a> statt mit Impfungen zu st\u00e4rken. Dies ruht auf den Gedanken von Professor Dr. Enderlein und geht davon aus, dass man nicht Viren und Bakterien &#8222;bek\u00e4mpft&#8220;, sondern das alles seine Zeit und seinen Platz hat und die St\u00f6rung kommt nicht vom &#8222;b\u00f6sen Virus&#8220; sondern von einem Ungleichgewicht im Immunsystem, man kann genau wissen, was wann wohin geh\u00f6rt. Dr. Enderlein nannte das Cyclogenie. Wenn man also einen gesunden S\u00e4ugling hat, wo alles &#8222;an seinem Platz ist&#8220;, sind Impfungen \u00fcberfl\u00fcssig.\u00a0 Wenn n\u00f6tig, kann man mit Sanumpr\u00e4paraten, aber auch Ern\u00e4hrungsberatung und Hom\u00f6opathie, das Gleichgewicht wieder herstellen.\u00a0 Die Impfung ruht auf den Gedanken von Louis Pasteur, von denen man heute wei\u00df, dass sie meist falsch sind.\u00a0 Dass hei\u00dft, es ist nicht der &#8222;b\u00f6se Virus&#8220; das Problem, sondern die Grundlage im Immunsystem. Am Ende seines Lebens hat Pasteur das auch zugegeben, aber da war es zu sp\u00e4t.\u00a0 Kurz gesamt, die Grundlage macht\u00a0 krank, nicht der Keim. Es haben in der Zeit, als die noch strittig war, sich auch ber\u00fchmte Menschen ganze Batzen Bakterien auf das Brot geschmiert, in der Vorlesung, es ist nichts passiert.\u00a0 Also wenn ich wei\u00df, wie ich ein\u00a0 Immunsystem st\u00e4rke, muss ich nicht von Formaldehyd, Quecksilber und Aluminium triefende Impfungen geben in ein Immunsysten, was beim S\u00e4ugling damit noch nichts anfangen kann. Die \u00c4rzte sind nicht nur verpflichtet, ihnen alle Nebenwirkungen der Impfungen zu erl\u00e4utern, wie aufsteigenden L\u00e4hmungen, schwere Krankheiten im Nervensystem, Gehirnhautentz\u00fcndugen und Vieles andere mehr, sie sind auch nach Patientenrecht DAZU VERPFLICHTET DIE ALTERNATIVEN ZU ERKL\u00c4REN. <a href=\"http:\/\/www.randomhouse.de\/Paperback\/Massvoll-impfen\/Stephan-Heinrich-Nolte\/e492739.rhd\" target=\"_blank\" rel=\"noopener\">Beschrieben im Buch &#8222;Ma\u00dfvoll Impfen&#8220; von Dr. Nolte. <\/a>Das macht aber nicht nur kein Arzt, das K\u00d6NNEN DIE AUCH GARNICHT. Denn im Studium lernen sie so gut wie Nichts \u00fcber Impfungen UND SCHON GAR NICHTS \u00dcBER DIE Alternnativen. Und hier ist mein Angebot, denn dar\u00fcber wei\u00df man in der Naturheilkunde sehr viel. Die vielen ungeimpften Kinder in meiner Praxis leben alle noch und sind putzmunter, oft gewinnen sie alle m\u00f6glichen Sportwettbewerbe, weil das Bewegungsystem der Muskeln nicht durch das Aluminium gest\u00f6rt wurde und meistens sind sie ruhig und freundlich und essen wie die Scheunendrescher. Es gibt mittlerweile in der Schulen bis zu 15 % Kinder mit einem Intelligenzquotienten von unter 84. Wenn ich st\u00e4ndig, in zwei Jahren bis zu\u00a0 40 Impfungen in ein v\u00f6llig unreifes Nervensystem hineingebe auf einem Weg, der von der Natur nie vorgesehen wurde,\u00a0 dann muss ich mich dar\u00fcber nicht wundern. Das einzig dumme an ungeimpften Kindern ist, dass sie meistens den Kleinen dann einen Kurs in Wing Tsun, also Selbstverteidung,\u00a0 spendieren m\u00fcssen, denn sind von selber nicht aggressiv und m\u00fcssen lernen, mit der Aggression der mit Quecksilber geimpften Kinder um zu gehen. In der Hom\u00f6opathie ist Quecksilber ein &#8222;Mittel&#8220; mit viel aggressiven Potential (Mercur).\u00a0 Quecksilber, zum Beispiel auch in der Z\u00e4hnen, hat ganz b\u00f6se Ebenen von Krankheit. W\u00fcrde sicher auch niemand freiwillig seinen S\u00e4ugling ein Fieberthermometer austrinken lasssen. Formaldehyd ist das Zeug, das in den Spannplatten so stinkt. Sollte man auch nicht als Baby im Arm haben, ist auch krebserregend. Laut WHO. Aluminium ist nicht nur im Deo ungesund, vor allem auch in Blut von ihren sechs Wochen alten Baby. Chris Shaw steht mit Studie im Internet, hat M\u00e4use mit Aluminium geimpft, die Folgen waren\u00a0 schrecklich. ALSO ES GIBT ANDERE M\u00d6GLICHKEITEN UND ICH KENNE SIE.\u00a0 Die Schwermetalle kann man auch ausleiten.<\/p>\n","protected":false},"excerpt":{"rendered":"<p>f\u00fcr Kinder und Erwachsene &nbsp; In meiner Praxis hat es sich im Laufe von 15 Jahren bew\u00e4hrt, ein Immunsystem mit Sanumpr\u00e4paraten statt mit Impfungen zu st\u00e4rken. Dies ruht auf den Gedanken von Professor Dr. Enderlein und geht davon aus, dass man nicht Viren und Bakterien &#8222;bek\u00e4mpft&#8220;, sondern das alles seine Zeit und seinen Platz hat [&hellip;]<\/p>\n","protected":false},"author":2,"featured_media":0,"parent":0,"menu_order":0,"comment_status":"open","ping_status":"open","template":"","meta":[],"_links":{"self":[{"href":"https:\/\/www.navoti.de\/index.php\/wp-json\/wp\/v2\/pages\/225"}],"collection":[{"href":"https:\/\/www.navoti.de\/index.php\/wp-json\/wp\/v2\/pages"}],"about":[{"href":"https:\/\/www.navoti.de\/index.php\/wp-json\/wp\/v2\/types\/page"}],"author":[{"embeddable":true,"href":"https:\/\/www.navoti.de\/index.php\/wp-json\/wp\/v2\/users\/2"}],"replies":[{"embeddable":true,"href":"https:\/\/www.navoti.de\/index.php\/wp-json\/wp\/v2\/comments?post=225"}],"version-history":[{"count":7,"href":"https:\/\/www.navoti.de\/index.php\/wp-json\/wp\/v2\/pages\/225\/revisions"}],"predecessor-version":[{"id":424,"href":"https:\/\/www.navoti.de\/index.php\/wp-json\/wp\/v2\/pages\/225\/revisions\/424"}],"wp:attachment":[{"href":"https:\/\/www.navoti.de\/index.php\/wp-json\/wp\/v2\/media?parent=225"}],"curies":[{"name":"wp","href":"https:\/\/api.w.org\/{rel}","templated":true}]}}