{"id":196,"date":"2013-03-15T16:37:00","date_gmt":"2013-03-15T16:37:00","guid":{"rendered":"http:\/\/www.navoti.de\/?page_id=196"},"modified":"2017-12-29T11:45:39","modified_gmt":"2017-12-29T11:45:39","slug":"sanum-therapie","status":"publish","type":"page","link":"https:\/\/www.navoti.de\/index.php\/naturheilpraxis\/sanum-therapie\/","title":{"rendered":"Sanum Therapie"},"content":{"rendered":"<p>Seit 2008 habe ich bei der Fa. Sanum Kehlbeck verschiedene Weiterbildungen absolviert:<\/p>\n<ul>\n<li>Die Grundlagen der Sanum-Therapie<\/li>\n<li>\u00dcber die Anwendung der Sanum-Pr\u00e4parate in der Kinderheilkunde. Die Sanum Pr\u00e4parate sind sehr effektiv seit dem bei Behandlung von Erk\u00e4ltungskrankheiten bei Kleinkindern.<\/li>\n<li>\u00dcber den Darm- und Minralstoffhaushalt<\/li>\n<li>\u00dcber das Endokrinum (d.h. \u00fcber hormonelle Probleme)<\/li>\n<\/ul>\n<p>Dr. Enderlein, der die Sanum Pr\u00e4parate urspr\u00fcnglich entwickelte, hat einen anderen, sehr klaren und effektiven Ansatz in der Vorstellung von der Entstehung und Verbreitung von Viren, Pilzen und Bakterien. Auf dieser Grundlage lassen sich, zusammen mit klassischer Hom\u00f6opathie, virale Erkrankungen von Kleinkindern traumhaft sicher behandeln, aber nat\u00fcrlich auch die klassischen\u00a0 bakteriellen Infekte wie\u00a0 Husten, Schnupfen und vieles Andere mehr &#8211; Pilzerkrankungen, Hautprobleme, Magendarmst\u00f6rungen, Probleme mit der Durchblutung, Schw\u00e4chen im Immunsystem um nur Einiges zu nennen.<\/p>\n<p>Am sch\u00f6nsten ist dabei, dass man auf diese Weise statt mit Impfungen, die Aluminium und Quecksilber enthalten (welches bewiesenerweise das Nervensystem sch\u00e4digt), das Immunsystem von Kindern, aber auch Hunde- und Katzenwelpen, ganz wunderbar elegant aufbauen und unterst\u00fctzen kann, mit geringen Kosten und ohne Schaden.<\/p>\n","protected":false},"excerpt":{"rendered":"<p>Seit 2008 habe ich bei der Fa. Sanum Kehlbeck verschiedene Weiterbildungen absolviert: Die Grundlagen der Sanum-Therapie \u00dcber die Anwendung der Sanum-Pr\u00e4parate in der Kinderheilkunde. Die Sanum Pr\u00e4parate sind sehr effektiv seit dem bei Behandlung von Erk\u00e4ltungskrankheiten bei Kleinkindern. \u00dcber den Darm- und Minralstoffhaushalt \u00dcber das Endokrinum (d.h. \u00fcber hormonelle Probleme) Dr. Enderlein, der die Sanum [&hellip;]<\/p>\n","protected":false},"author":2,"featured_media":0,"parent":6,"menu_order":0,"comment_status":"open","ping_status":"closed","template":"","meta":[],"_links":{"self":[{"href":"https:\/\/www.navoti.de\/index.php\/wp-json\/wp\/v2\/pages\/196"}],"collection":[{"href":"https:\/\/www.navoti.de\/index.php\/wp-json\/wp\/v2\/pages"}],"about":[{"href":"https:\/\/www.navoti.de\/index.php\/wp-json\/wp\/v2\/types\/page"}],"author":[{"embeddable":true,"href":"https:\/\/www.navoti.de\/index.php\/wp-json\/wp\/v2\/users\/2"}],"replies":[{"embeddable":true,"href":"https:\/\/www.navoti.de\/index.php\/wp-json\/wp\/v2\/comments?post=196"}],"version-history":[{"count":2,"href":"https:\/\/www.navoti.de\/index.php\/wp-json\/wp\/v2\/pages\/196\/revisions"}],"predecessor-version":[{"id":198,"href":"https:\/\/www.navoti.de\/index.php\/wp-json\/wp\/v2\/pages\/196\/revisions\/198"}],"up":[{"embeddable":true,"href":"https:\/\/www.navoti.de\/index.php\/wp-json\/wp\/v2\/pages\/6"}],"wp:attachment":[{"href":"https:\/\/www.navoti.de\/index.php\/wp-json\/wp\/v2\/media?parent=196"}],"curies":[{"name":"wp","href":"https:\/\/api.w.org\/{rel}","templated":true}]}}